{"id":84,"date":"2010-09-15T09:20:38","date_gmt":"2010-09-15T07:20:38","guid":{"rendered":"http:\/\/bleicher6.wordpress.com\/"},"modified":"2012-08-16T11:09:18","modified_gmt":"2012-08-16T09:09:18","slug":"impressum-nutzungsbedingungen","status":"publish","type":"page","link":"https:\/\/bleicher6.de\/?page_id=84","title":{"rendered":"Impressum &#038; Nutzungsbedingungen"},"content":{"rendered":"<pre>Mirko Hirsch\r\nBleicherstr. 6\r\n19053 Schwerin\r\nTel.: 0385-3936643\r\nE-Mail: mirko.hirsch[at]gmx[dot]de\r\nInhaltlich Verantwortlicher gem\u00e4\u00df \u00a7 10 Absatz 3 MDStV: \u00a0\r\nMirko Hirsch (Anschrift wie oben)<\/pre>\n<pre>Haftungshinweis: Trotz sorgf\u00e4ltiger inhaltlicher Kontrolle\r\n\u00fcbernehmen wir keine Haftung f\u00fcr die Inhalte externer Links.\r\nF\u00fcr den Inhalt der verlinkten Seiten sind ausschlie\u00dflich deren\r\nBetreiber verantwortlich.<\/pre>\n","protected":false},"excerpt":{"rendered":"<p>Mirko Hirsch Bleicherstr. 6 19053 Schwerin Tel.: 0385-3936643 E-Mail: mirko.hirsch[at]gmx[dot]de Inhaltlich Verantwortlicher gem\u00e4\u00df \u00a7 10 Absatz 3 MDStV: \u00a0 Mirko Hirsch (Anschrift wie oben) Haftungshinweis: Trotz sorgf\u00e4ltiger inhaltlicher Kontrolle \u00fcbernehmen wir keine Haftung f\u00fcr die Inhalte externer Links. F\u00fcr den &hellip; <a href=\"https:\/\/bleicher6.de\/?page_id=84\">Weiterlesen <span class=\"meta-nav\">&rarr;<\/span><\/a><\/p>\n","protected":false},"author":1,"featured_media":0,"parent":0,"menu_order":0,"comment_status":"closed","ping_status":"closed","template":"","meta":{"footnotes":""},"class_list":["post-84","page","type-page","status-publish","hentry"],"_links":{"self":[{"href":"https:\/\/bleicher6.de\/index.php?rest_route=\/wp\/v2\/pages\/84","targetHints":{"allow":["GET"]}}],"collection":[{"href":"https:\/\/bleicher6.de\/index.php?rest_route=\/wp\/v2\/pages"}],"about":[{"href":"https:\/\/bleicher6.de\/index.php?rest_route=\/wp\/v2\/types\/page"}],"author":[{"embeddable":true,"href":"https:\/\/bleicher6.de\/index.php?rest_route=\/wp\/v2\/users\/1"}],"replies":[{"embeddable":true,"href":"https:\/\/bleicher6.de\/index.php?rest_route=%2Fwp%2Fv2%2Fcomments&post=84"}],"version-history":[{"count":1,"href":"https:\/\/bleicher6.de\/index.php?rest_route=\/wp\/v2\/pages\/84\/revisions"}],"predecessor-version":[{"id":1199,"href":"https:\/\/bleicher6.de\/index.php?rest_route=\/wp\/v2\/pages\/84\/revisions\/1199"}],"wp:attachment":[{"href":"https:\/\/bleicher6.de\/index.php?rest_route=%2Fwp%2Fv2%2Fmedia&parent=84"}],"curies":[{"name":"wp","href":"https:\/\/api.w.org\/{rel}","templated":true}]}}